{"id":41,"date":"2016-07-25T10:37:57","date_gmt":"2016-07-25T10:37:57","guid":{"rendered":"http:\/\/cristiano.ukrdevs.com\/?page_id=41"},"modified":"2021-02-04T14:35:08","modified_gmt":"2021-02-04T13:35:08","slug":"home","status":"publish","type":"page","link":"https:\/\/staging.lafattoria-idstein.de\/","title":{"rendered":"Start"},"content":{"rendered":"\t<section class=\"section-block\">\r\n\t\t<div class=\"section-title v1\">\r\n\t\t<h3> Aktuelle Empfehlungen<\/h3>\t\t\r\n<\/div>\t\t\t\t\t<ul class=\"dishes-menu cols-2 large-imgs drop-style\">\r\n\t\t\t\t<li class=\"item post-1463 dishes_menu type-dishes_menu status-publish hentry\">\r\n\t\t<div class=\"description\">\r\n\t\t\t<span class=\"dm-price\"><span class=\"dm-price\"><span class=\"currency\">\u20ac<\/span>23,90<\/span><\/span>\t\t\t\r\n\t\t\t<h2><span class=\"title\">Trancia di tonno yellowfin con spicchi di peperone rosso in salsa arabic-balsamico<\/span><\/h2>\r\n\t\t<div class=\"dots\">\r\n\t\t\t\t\r\n\t\t\t\t\t\t\t\t<p>Thunfischsteak vom yellowfin mit roten Paprikaschoten in arabic-balsamico Jus<\/p>\n\t\t<\/div>\r\n\t\t\t<\/div>\r\n<\/li><li class=\"item post-1462 dishes_menu type-dishes_menu status-publish hentry\">\r\n\t\t<div class=\"description\">\r\n\t\t\t<span class=\"dm-price\"><span class=\"dm-price\"><span class=\"currency\">\u20ac<\/span>5,50<\/span><\/span>\t\t\t\r\n\t\t\t<h2><span class=\"title\">Mousse au choccolat<\/span><\/h2>\r\n\t\t<div class=\"dots\">\r\n\t\t\t\t\r\n\t\t\t\t\t\t\t\t\t\t<\/div>\r\n\t\t\t<\/div>\r\n<\/li><li class=\"item post-1461 dishes_menu type-dishes_menu status-publish hentry\">\r\n\t\t<div class=\"description\">\r\n\t\t\t<span class=\"dm-price\"><span class=\"dm-price\"><span class=\"currency\">\u20ac<\/span>16,90<\/span><\/span>\t\t\t\r\n\t\t\t<h2><span class=\"title\">Tortelloni al nero di seppia ripieni di salmone in sugo di gamberi<\/span>\t\t\t<span class=\"highlight-text color-pr-bg\">CHEF SELECTION<\/span>\r\n\t\t<\/h2>\r\n\t\t<div class=\"dots\">\r\n\t\t\t\t\r\n\t\t\t\t\t\t\t\t<p>Schwarze Tortelloni mit Lachs gef\u00fcllt in Tomaten-Gambas- Sugo<\/p>\n\t\t<\/div>\r\n\t\t\t<\/div>\r\n<\/li><li class=\"item post-1460 dishes_menu type-dishes_menu status-publish hentry\">\r\n\t\t<div class=\"description\">\r\n\t\t\t<span class=\"dm-price\"><span class=\"dm-price\"><span class=\"currency\">\u20ac<\/span>24,50<\/span><\/span>\t\t\t\r\n\t\t\t<h2><span class=\"title\">Filetto di manzo in crosta di parmigiano su funghi porcini<\/span>\t\t\t<span class=\"highlight-text color-pr-bg\">CHEF SELECTION<\/span>\r\n\t\t<\/h2>\r\n\t\t<div class=\"dots\">\r\n\t\t\t\t\r\n\t\t\t\t\t\t\t\t<p>Rinderfilet in Parmesankruste auf gebratenen Steinpilzen, dazu Kartoffeln und Gem\u00fcse<\/p>\n\t\t<\/div>\r\n\t\t\t<\/div>\r\n<\/li><li class=\"item post-1417 dishes_menu type-dishes_menu status-publish hentry\">\r\n\t\t<div class=\"description\">\r\n\t\t\t<span class=\"dm-price\"><span class=\"dm-price\"><span class=\"currency\">\u20ac<\/span>3,50\/St.<\/span><\/span>\t\t\t\r\n\t\t\t<h2><span class=\"title\">Cannoli siciliani ripieni di ricotta<\/span><\/h2>\r\n\t\t<div class=\"dots\">\r\n\t\t\t\t\r\n\t\t\t\t\t\t\t\t<p>Cannoli (sizilianisches Geb\u00e4ck) gef\u00fcllt mit ges\u00fc\u00dfter Ricotta<\/p>\n\t\t<\/div>\r\n\t\t\t<\/div>\r\n<\/li><li class=\"item post-1416 dishes_menu type-dishes_menu status-publish hentry\">\r\n\t\t<div class=\"description\">\r\n\t\t\t<span class=\"dm-price\"><span class=\"dm-price\"><span class=\"currency\">\u20ac<\/span>6,50<\/span><\/span>\t\t\t\r\n\t\t\t<h2><span class=\"title\">Profiterol al cioccolato<\/span><\/h2>\r\n\t\t<div class=\"dots\">\r\n\t\t\t\t\r\n\t\t\t\t\t\t\t\t<p>3 Schoko Profiterols (Windbeutel) mit Vanillecreme<\/p>\n\t\t<\/div>\r\n\t\t\t<\/div>\r\n<\/li><li class=\"item post-1405 dishes_menu type-dishes_menu status-publish hentry\">\r\n\t\t<div class=\"description\">\r\n\t\t\t<span class=\"dm-price\"><span class=\"dm-price\"><span class=\"currency\">\u20ac<\/span>18,90<\/span><\/span>\t\t\t\r\n\t\t\t<h2><span class=\"title\">FETTUCCINE AL TARTUFO NERO<\/span>\t\t\t<span class=\"highlight-text color-pr-bg\">CHEF SELECTION \/ HAUSGEMACHT<\/span>\r\n\t\t<\/h2>\r\n\t\t<div class=\"dots\">\r\n\t\t\t\t\r\n\t\t\t\t\t\t\t\t<p>Fettuccine in Butter mit schwarzen Tr\u00fcffeln<\/p>\n\t\t<\/div>\r\n\t\t\t<\/div>\r\n<\/li><li class=\"item post-1273 dishes_menu type-dishes_menu status-publish hentry\">\r\n\t\t<div class=\"description\">\r\n\t\t\t<span class=\"dm-price\"><span class=\"dm-price\"><span class=\"currency\">\u20ac<\/span>17,90<\/span><\/span>\t\t\t\r\n\t\t\t<h2><span class=\"title\">Tris di Tonno Yellowfin<\/span>\t\t\t<span class=\"highlight-text color-pr-bg\">CHEF SELECTION<\/span>\r\n\t\t<\/h2>\r\n\t\t<div class=\"dots\">\r\n\t\t\t\t\r\n\t\t\t\t\t\t\t\t<p>Tris vom Yellowfin Thunfisch<br \/>\nTartar\/Sesamkruste\/Sojaso\u00dfe<\/p>\n\t\t<\/div>\r\n\t\t\t<\/div>\r\n<\/li>\t\t\t<\/ul>\r\n\t\t\t<!-- Simple Shotcode -->\r\n\t\t\t\t\t\t\t\t\t<div class=\"align-center-margin\">\r\n\t\t\t\t\t\t<a href=\"https:\/\/staging.lafattoria-idstein.de\/?page_id=368\" class=\"btn btn-transparent btn-lg\" target=\"\">View Full Menu<\/a>\r\n\t\t\t\t\t<\/div>\r\n\t\t\t\t\t\t\t<!-- End Simple Shortcode -->\t\r\n\t\t\t\r\n\t\t\t<!-- WPBakery Shortcode -->\r\n\t\t\t\t\t\t<!-- End WPBakery Shortcode -->\r\n\t\t\t\r\n\t<\/section>\r\n\t\n<p>&nbsp;<\/p>\n    \t<div class=\"align-center\">\r\n\t\t\t<a href=\"https:\/\/staging.lafattoria-idstein.de\/?page_id=368\" class=\"btn btn-transparent btn-md \" >Zur Speisekarte<\/a>\r\n    \t<\/div>\r\n\t\n<p>&nbsp;<\/p>\n\t\r\n\t\t<section class=\"section-block short-info alignfull  has-bg dzsparallaxer auto-init height-is-based-on-content use-loading\" >\r\n\t\t\t\t\t\t\t<div class=\"divimage dzsparallaxer--target\" style=\"background-image:url(https:\/\/staging.lafattoria-idstein.de\/wp-content\/uploads\/2020\/07\/Idstein_De_Merian_Hassiae.jpg); opacity: 0.75\"><\/div>\t\r\n\t\t\t\t\t\t\t\t\t\t<h2>Ein St\u00fcck Italien im Herzen von Idstein. Benvenuto!<\/h2>\r\n\t\t\t\t\t<\/section>\r\n\t\n","protected":false},"excerpt":{"rendered":"<p>&nbsp; &nbsp;<\/p>\n","protected":false},"author":1,"featured_media":0,"parent":0,"menu_order":-10,"comment_status":"closed","ping_status":"closed","template":"page-full-width.php","meta":{"footnotes":""},"class_list":["post-41","page","type-page","status-publish","hentry"],"_links":{"self":[{"href":"https:\/\/staging.lafattoria-idstein.de\/index.php?rest_route=\/wp\/v2\/pages\/41"}],"collection":[{"href":"https:\/\/staging.lafattoria-idstein.de\/index.php?rest_route=\/wp\/v2\/pages"}],"about":[{"href":"https:\/\/staging.lafattoria-idstein.de\/index.php?rest_route=\/wp\/v2\/types\/page"}],"author":[{"embeddable":true,"href":"https:\/\/staging.lafattoria-idstein.de\/index.php?rest_route=\/wp\/v2\/users\/1"}],"replies":[{"embeddable":true,"href":"https:\/\/staging.lafattoria-idstein.de\/index.php?rest_route=%2Fwp%2Fv2%2Fcomments&post=41"}],"version-history":[{"count":38,"href":"https:\/\/staging.lafattoria-idstein.de\/index.php?rest_route=\/wp\/v2\/pages\/41\/revisions"}],"predecessor-version":[{"id":1433,"href":"https:\/\/staging.lafattoria-idstein.de\/index.php?rest_route=\/wp\/v2\/pages\/41\/revisions\/1433"}],"wp:attachment":[{"href":"https:\/\/staging.lafattoria-idstein.de\/index.php?rest_route=%2Fwp%2Fv2%2Fmedia&parent=41"}],"curies":[{"name":"wp","href":"https:\/\/api.w.org\/{rel}","templated":true}]}}