{"id":3,"date":"2020-07-04T09:09:17","date_gmt":"2020-07-04T09:09:17","guid":{"rendered":"https:\/\/lafattoria.mt-inbox.de\/?page_id=3"},"modified":"2020-07-04T14:24:40","modified_gmt":"2020-07-04T14:24:40","slug":"privacy-policy","status":"publish","type":"page","link":"https:\/\/staging.lafattoria-idstein.de\/?page_id=3","title":{"rendered":"Datenschutz"},"content":{"rendered":"\r\n<p><strong>Datenschutzbestimmungen per DSGVO f\u00fcr Nutzung der Webseite<\/strong><\/p>\r\n<p>Mit den folgenden Datenschutzhinweisen erl\u00e4utern wir, das Ristorate La Fattoria Idstein, welche personenbezogene Daten wir \u00fcber Sie erheben, wenn Sie unsere Webseite besuchen und dort unsere Online-Dienste nutzen und wie wir Ihre Daten verwenden.<\/p>\r\n<p>Die verantwortliche Stelle f\u00fcr die Datenverarbeitung, die allein oder in Zusammenarbeit mit anderen \u00fcber Mittel und Zweck der Datenverarbeitung bestimmt, f\u00fcr diese Webseite im Sinne der Datenschutz-Grundverordnung (DSGVO) ist Salvatore Montana, La Fattoria, Himmelsgasse 8, 65510 Idstein \u2013 E-Mail: <strong>datenschutz@lafattoria-idstein.de<\/strong>. Die verantwortliche Stelle ist eine nat\u00fcrliche oder juristische Person.<\/p>\r\n<p>Personenbezogene Daten sind laut \u00a7 4 Abs. 1 DSGVO Einzelangaben Ihrer Person, wie beispielsweise Ihr Name, Ihre E-Mail-Adresse und IP Adresse. Diese Daten werden von uns nur wie gesetzlich erlaubt erhoben.<\/p>\r\n<p><strong>\u00a7 1 Datenerhebung &amp; -verwendung<\/strong><\/p>\r\n<p><strong>\u00a7 1.1 Welche personenbezogenen Daten werden erhoben?<\/strong><\/p>\r\n<p>Bei jedem Besuch auf unserer Webseite werden Informationen \u00fcber Ihren Computer erhoben:<\/p>\r\n<ul>\r\n<li>anonymisierte IP Adresse<\/li>\r\n<li>Browser<\/li>\r\n<li>Betriebssystem<\/li>\r\n<\/ul>\r\n<p>Wir verarbeiten die oben genannten Informationen gem\u00e4\u00df Art. 6 Abs. 1 lit. f DSGVO auf Basis unseres berechtigten Interesses, um herauszufinden, welche Elemente auf unserer Website am besten ankommen. So k\u00f6nnen wir Wege finden, um sie zu verbessern und effektiver zu gestalten. Die Informationen werden von unserem Webserver anonymisiert erhoben, so dass die Daten keiner nat\u00fcrlichen Person zuzuordnen sind.<\/p>\r\n<p><strong>\u00a7 1.2 Newsletter<\/strong><\/p>\r\n<p>Dar\u00fcber hinaus k\u00f6nnen Sie sich zum\u00a0<strong>Newsletter<\/strong>\u00a0anmelden, indem Sie folgende Daten per Formular an uns senden:<\/p>\r\n<ul>\r\n<li>Namen<\/li>\r\n<li>E-Mail Adresse<\/li>\r\n<\/ul>\r\n<p>Wenn Sie sich f\u00fcr unseren Newsletter eintragen, \u00fcbermitteln Sie die oben genannten pers\u00f6nlichen Daten und geben uns das Recht Sie per E-Mail zu kontaktieren. Die im Rahmen der Anmeldung zum Newsletter gespeicherten Daten nutzen wir ausschlie\u00dflich f\u00fcr unseren Newsletter und geben diese nicht weiter.<\/p>\r\n<p>Sollten Sie sich vom Newsletter abmelden \u2013 Sie finden den Link daf\u00fcr in jedem Newsletter ganz unten \u2013 dann l\u00f6schen wir alle Daten die mit der Anmeldung zum Newsletter gespeichert wurden.<\/p>\r\n<p><strong>\u00a7 1.3 Cookies<\/strong><\/p>\r\n<p>Cookies sind kleine Textdateien mit Informationen, die beim Besuch einer Webseite auf Ihrem Rechner oder Mobilger\u00e4t gespeichert werden.<\/p>\r\n<p>Unsere Website verwendet HTTP-Cookies um nutzerspezifische Daten zu speichern.<\/p>\r\n<p><strong>\u00a7 1.4 Google Maps<\/strong><\/p>\r\n<p>Wir benutzen auf unserer Website Google Maps der Firma Google Inc. (1600 Amphitheatre Parkway Mountain View, CA 94043, USA). Mit Google Maps k\u00f6nnen wir unseren Standort visuell besser darstellen und damit unseren Service verbessern. Durch die Verwendung von Google Maps werden Daten an Google \u00fcbertragen und auf den Google-Servern gespeichert.<\/p>\r\n<p>Folgendes Cookie wird aufgrund der Einbindung von Google Maps in Ihrem Browser gesetzt:<\/p>\r\n<ul>\r\n<li><strong>Name:<\/strong>\u00a0NID<\/li>\r\n<li><strong>Ablaufzeit:<\/strong>\u00a0nach 6 Monaten<\/li>\r\n<li><strong>Verwendung:<\/strong>\u00a0NID wird von Google verwendet, um Werbeanzeigen an Ihre Google-Suche anzupassen. Mit Hilfe des Cookies \u201eerinnert\u201c sich Google an Ihre am h\u00e4ufigsten eingegebenen Suchanfragen oder Ihre fr\u00fchere Interaktion mit Anzeigen. Das Cookie enth\u00e4lt eine einzigartige ID, die Google benutzt, pers\u00f6nliche Einstellungen des Users f\u00fcr Werbezwecke zu sammeln.<\/li>\r\n<li><strong>Beispielwert:<\/strong>\u00a0188=h26c1Ktha7fCQTx8rXgLyATyITJ311129798<\/li>\r\n<\/ul>\r\n<p><strong>Anmerkung:<\/strong>\u00a0Diese Datenspeicherung passiert auf den Webseiten von Google Maps. Wir k\u00f6nnen Sie dar\u00fcber nur informieren, aber keinen Einfluss nehmen.<\/p>\r\n<p>Wir k\u00f6nnen bei den Angaben der gespeicherten Daten keine Vollst\u00e4ndigkeit gew\u00e4hrleisten. Speziell bei der Verwendung von Cookies sind Ver\u00e4nderungen bei Google nie auszuschlie\u00dfen.<\/p>\r\n<p>Google ist aktiver Teilnehmer beim EU-U.S. Privacy Shield Framework, wodurch der korrekte und sichere Datentransfer pers\u00f6nlicher Daten geregelt wird.<\/p>\r\n<p>Wenn Sie mehr \u00fcber die Datenverarbeitung von Google erfahren wollen, empfehlen wir Ihnen die hauseigene Datenschutzerkl\u00e4rung des Unternehmens unter\u00a0<a href=\"https:\/\/policies.google.com\/privacy?hl=de\" target=\"_blank\" rel=\"noreferrer noopener\">https:\/\/policies.google.com\/privacy?hl=de<\/a>.<\/p>\r\n<p><strong>\u00a7 2 Datenweitergabe<\/strong><\/p>\r\n<p>Personenbezogene Daten werden nicht an Dritte weitergegeben. Ohne Ausnahme.<\/p>\r\n<p>Dar\u00fcber hinaus erfolgt eine \u00dcbermittlung der personenbezogenen Daten an auskunftsberechtigte staatliche Stellen nur im Sinne des Gesetzes oder wenn eine gerichtliche Entscheidung Grundlage f\u00fcr die Weitergabe existiert.<\/p>\r\n<p><strong>\u00a7 3 Datensicherheit<\/strong><\/p>\r\n<p>Wir ergreifen alle erforderlichen Ma\u00dfnahmen, um die Sicherheit Ihrer personenbezogenen Daten, die verarbeitet werden, in \u00dcbereinstimmung mit den gesetzlichen Vorgaben zu gew\u00e4hrleisten. Hinsichtlich Ihrer Nutzung unserer Webseiten sollten Sie sich jedoch dar\u00fcber im Klaren sein, dass personenbezogene Daten und Informationen aufgrund der offenen Struktur des Internets m\u00f6glicherweise \u00fcber ungesicherte Netzwerke \u00fcbermittelt und so von Personen eingesehen und verwendet werden k\u00f6nnen, f\u00fcr die diese Daten nicht bestimmt waren.<\/p>\r\n<p>Unsere Webseite kann Links zu und von anderen Webseiten enthalten. Sollten Sie einem dieser Links folgen, beachten Sie bitte, dass diese Webseiten eigene Datenschutzrichtlinien haben und dass wir keinerlei Verantwortung oder Haftung f\u00fcr die Inhalte dieser Seiten \u00fcbernehmen. Bitte lesen Sie diese Richtlinien, bevor Sie pers\u00f6nliche Daten auf den betreffenden Webseiten eingeben.<\/p>\r\n<p><strong>\u00a7\u00a04 Rechte der betroffenen Person<\/strong><\/p>\r\n<p>Um Ihre Rechte auszu\u00fcben, wenden Sie sich bitte an folgende E-Mail-Adresse: datenschutz@lafattoria-idstein.de<\/p>\r\n<p><strong>\u00a7 4.1 Best\u00e4tigungsrecht<\/strong><\/p>\r\n<p>Sie haben ein Recht, eine Best\u00e4tigung dar\u00fcber zu verlangen, ob sie betreffende personenbezogene Daten verarbeitet werden. M\u00f6chten Sie dieses Best\u00e4tigungsrecht in Anspruch nehmen, wenden Sie sich bitte an unseren Datenschutzbeauftragten oder einen anderen Mitarbeiter, der f\u00fcr die Verarbeitung verantwortlich ist.<\/p>\r\n<p><strong>\u00a7 4.2 Auskunftsrecht<\/strong><\/p>\r\n<p>Sie haben ein Recht auf Auskunft \u00fcber die zu Ihrer Person gespeicherten personenbezogenen Daten sowie eine Kopie dieser Auskunft. Ferner steht Ihnen Auskunft \u00fcber folgende Informationen zu:<\/p>\r\n<ul>\r\n<li>die Verarbeitungszwecke<\/li>\r\n<li>die Kategorien personenbezogener Daten, die verarbeitet werden<\/li>\r\n<li>die Empf\u00e4nger oder Kategorien von Empf\u00e4ngern, gegen\u00fcber denen die personenbezogenen Daten offengelegt worden sind oder noch offengelegt werden, insbesondere bei Empf\u00e4ngern in Drittl\u00e4ndern oder bei internationalen Organisationen<\/li>\r\n<li>alls m\u00f6glich die geplante Dauer, f\u00fcr die die personenbezogenen Daten gespeichert werden, oder, falls dies nicht m\u00f6glich ist, die Kriterien f\u00fcr die Festlegung dieser Dauer<\/li>\r\n<li>das Bestehen eines Rechts auf Berichtigung oder L\u00f6schung der Sie betreffenden personenbezogenen Daten oder auf Einschr\u00e4nkung der Verarbeitung durch den Verantwortlichen oder eines Widerspruchsrechts gegen diese Verarbeitung<\/li>\r\n<li>das Bestehen eines Beschwerderechts bei einer Aufsichtsbeh\u00f6rde<\/li>\r\n<li>wenn die personenbezogenen Daten nicht bei der betroffenen Person erhoben werden: Alle verf\u00fcgbaren Informationen \u00fcber die Herkunft der Daten<\/li>\r\n<li>das Bestehen einer automatisierten Entscheidungsfindung einschlie\u00dflich Profiling gem\u00e4\u00df Art. 22 Abs.1 und 4 DSGVO und \u2014 zumindest in diesen F\u00e4llen \u2014 aussagekr\u00e4ftige Informationen \u00fcber die involvierte Logik sowie die Tragweite und die angestrebten Auswirkungen einer derartigen Verarbeitung f\u00fcr die betroffene Person<\/li>\r\n<\/ul>\r\n<p>Ferner steht Ihnen ein Auskunftsrecht dar\u00fcber zu, ob personenbezogene Daten an ein Drittland oder an eine internationale Organisation \u00fcbermittelt wurden. Sofern dies der Fall ist, so steht Ihnen im \u00dcbrigen das Recht zu, Auskunft \u00fcber die geeigneten Garantien im Zusammenhang mit der \u00dcbermittlung zu erhalten.<\/p>\r\n<p><strong>\u00a7 4.3 Recht auf Berichtigung<\/strong><\/p>\r\n<p>Sie haben ein Recht auf unverz\u00fcgliche Berichtigung Sie betreffender unrichtiger Daten und\/oder \u00a0der Vervollst\u00e4ndigung \u2013 unter Ber\u00fccksichtigung der Zwecke der Verarbeitung \u2013 Ihrer bei uns gespeicherten unvollst\u00e4ndigen Daten.<\/p>\r\n<p><strong>\u00a7 4.4 Recht auf L\u00f6schung<\/strong><\/p>\r\n<p>Sie haben das Recht, die L\u00f6schung Ihrer personenbezogenen Daten bei Vorliegen der Voraussetzungen des Art. 17 Abs. 1 DSGVO zu verlangen. Dieses Recht besteht jedoch insbesondere dann nicht, wenn die Verarbeitung zur Aus\u00fcbung des Rechts auf freie Meinungs\u00e4u\u00dferung und Information, zur Erf\u00fcllung einer rechtlichen Verpflichtung, aus Gr\u00fcnden des \u00f6ffentlichen Interesses oder zur Geltendmachung, Aus\u00fcbung oder Verteidigung von Rechtsanspr\u00fcchen notwendig ist.<\/p>\r\n<p><strong>\u00a7 4.5 Recht auf Einschr\u00e4nkung der Verarbeitung<\/strong><\/p>\r\n<p>Sie haben das Recht, die Einschr\u00e4nkung der Verarbeitung Ihrer personenbezogenen Daten zu verlangen, wenn die von Ihnen bestrittene Richtigkeit Ihrer Daten \u00fcberpr\u00fcft wird, die Verarbeitung unrechtm\u00e4\u00dfig ist und Sie die L\u00f6schung der personenbezogenen Daten ablehnen und stattdessen die Einschr\u00e4nkung der Nutzung der personenbezogenen Daten verlangen, Ihre personenbezogenen Daten f\u00fcr die Zwecke der Verarbeitung nicht l\u00e4nger ben\u00f6tigt werden, Sie diese jedoch zur Geltendmachung, Aus\u00fcbung oder Verteidigung von Rechtsanspr\u00fcchen ben\u00f6tigen oder Sie Widerspruch gegen die Verarbeitung gem. Art. 21 Abs. 1 DSGVO einlegen und es noch nicht feststeht, ob unsere berechtigten Gr\u00fcnde gegen\u00fcber Ihren Gr\u00fcnden \u00fcberwiegen.<\/p>\r\n<p><strong>\u00a7 4.6 Recht auf Unterrichtung<\/strong><\/p>\r\n<p>Haben Sie von Ihrem Recht auf Berichtigung, L\u00f6schung oder Einschr\u00e4nkung der Verarbeitung gegen\u00fcber Gebrauch gemacht, teilen wir allen Empf\u00e4ngern, denen die Sie betreffenden personenbezogenen Daten offengelegt wurden, diese Berichtigung oder L\u00f6schung der Daten oder Einschr\u00e4nkung der Verarbeitung mit, es sei denn,es sei denn, dies erweist sich als unm\u00f6glich oder ist mit einem unverh\u00e4ltnism\u00e4\u00dfigen Aufwand verbunden. Wenn Sie es verlangen, erteilen wir Ihnen \u00fcber diese Empf\u00e4nger Auskunft.<\/p>\r\n<p><strong>\u00a7 4.7 Recht auf Daten\u00fcbertragbarkeit<\/strong><\/p>\r\n<p>Sie haben das Recht, die sie betreffenden personenbezogenen Daten, die sie uns bereitgestellt haben, in einem strukturierten, g\u00e4ngigen und maschinenlesbaren Format zu erhalten, und Sie haben das Recht, diese Daten einem anderen Verantwortlichen ohne Behinderung durch den Verantwortlichen, dem die personenbezogenen Daten bereitgestellt wurden, zu \u00fcbermitteln, sofern dies technisch machbar ist und die Rechte und Freiheiten anderer Personen nicht beeintr\u00e4chtigt werden.<\/p>\r\n<p><strong>\u00a7 4.8 Widerruf<\/strong><\/p>\r\n<p>Sie haben das Recht, Ihre Einwilligung jederzeit f\u00fcr die Zukunft zu widerrufen. Durch den Widerruf der Einwilligung wird die Rechtm\u00e4\u00dfigkeit der aufgrund der Einwilligung bis zum Widerruf erfolgten Verarbeitung nicht ber\u00fchrt. \u00a0<\/p>\r\n<p><strong>\u00a7 4.9 Beschwerderecht<\/strong><\/p>\r\n<p>Sie haben unbeschadet eines anderweitigen verwaltungsrechtlichen oder gerichtlichen Rechtsbehelfs das Recht auf Beschwerde bei einer Aufsichtsbeh\u00f6rde, insbesondere in dem Mitgliedstaat ihres gew\u00f6hnlichen Aufenthaltsorts, ihres Arbeitsplatzes oder des Orts des mutma\u00dflichen Versto\u00dfes, wenn Sie der Ansicht sind, dass die Verarbeitung der Sie betreffenden personenbezogenen Daten gegen die DSGVO verst\u00f6\u00dft.<\/p>\r\n<p><strong>\u00a7\u00a05 L\u00f6schung<\/strong><\/p>\r\n<p>Wir verarbeiten und speichern die personenbezogene Daten nur f\u00fcr den Zeitraum, der zur Erreichung des Speicherungszwecks erforderlich ist oder sofern dies durch den Europ\u00e4ischen Richtlinien- und Verordnungsgeber oder einen anderen Gesetzgeber in Gesetzen oder Vorschriften, welchen der f\u00fcr die Verarbeitung Verantwortliche unterliegt, vorgesehen wurde.\u00a0<\/p>\r\n<p>Entf\u00e4llt der Speicherungszweck oder l\u00e4uft eine vom Europ\u00e4ischen Richtlinien- und Verordnungsgeber oder einem anderen zust\u00e4ndigen Gesetzgeber vorgeschriebene Speicherfrist ab, werden die personenbezogenen Daten routinem\u00e4\u00dfig und entsprechend den gesetzlichen Vorschriften gesperrt oder gel\u00f6scht.<\/p>\r\n<p><strong>\u00a7\u00a06 \u00c4nderungen der Datenschutzbestimmungen<\/strong><\/p>\r\n<p>Wir behalten uns das Recht vor, diese Datenschutzerkl\u00e4rung jederzeit unter Beachtung der geltenden Datenschutzvorschriften zu \u00e4ndern. Derzeitiger Stand ist der 04.07.2020.<\/p>\r\n","protected":false},"excerpt":{"rendered":"<p>Datenschutzbestimmungen per DSGVO f\u00fcr Nutzung der Webseite Mit den folgenden Datenschutzhinweisen erl\u00e4utern wir, das Ristorate La Fattoria Idstein, welche personenbezogene Daten wir \u00fcber Sie erheben, wenn Sie unsere Webseite besuchen&#8230;<\/p>\n","protected":false},"author":1,"featured_media":0,"parent":0,"menu_order":0,"comment_status":"closed","ping_status":"closed","template":"","meta":{"footnotes":""},"class_list":["post-3","page","type-page","status-publish","hentry"],"_links":{"self":[{"href":"https:\/\/staging.lafattoria-idstein.de\/index.php?rest_route=\/wp\/v2\/pages\/3"}],"collection":[{"href":"https:\/\/staging.lafattoria-idstein.de\/index.php?rest_route=\/wp\/v2\/pages"}],"about":[{"href":"https:\/\/staging.lafattoria-idstein.de\/index.php?rest_route=\/wp\/v2\/types\/page"}],"author":[{"embeddable":true,"href":"https:\/\/staging.lafattoria-idstein.de\/index.php?rest_route=\/wp\/v2\/users\/1"}],"replies":[{"embeddable":true,"href":"https:\/\/staging.lafattoria-idstein.de\/index.php?rest_route=%2Fwp%2Fv2%2Fcomments&post=3"}],"version-history":[{"count":3,"href":"https:\/\/staging.lafattoria-idstein.de\/index.php?rest_route=\/wp\/v2\/pages\/3\/revisions"}],"predecessor-version":[{"id":895,"href":"https:\/\/staging.lafattoria-idstein.de\/index.php?rest_route=\/wp\/v2\/pages\/3\/revisions\/895"}],"wp:attachment":[{"href":"https:\/\/staging.lafattoria-idstein.de\/index.php?rest_route=%2Fwp%2Fv2%2Fmedia&parent=3"}],"curies":[{"name":"wp","href":"https:\/\/api.w.org\/{rel}","templated":true}]}}