{"id":116,"date":"2016-07-28T20:31:16","date_gmt":"2016-07-28T20:31:16","guid":{"rendered":"http:\/\/cristiano.ukrdevs.com\/?page_id=116"},"modified":"2020-10-08T21:52:22","modified_gmt":"2020-10-08T19:52:22","slug":"gallery","status":"publish","type":"page","link":"https:\/\/staging.lafattoria-idstein.de\/?page_id=116","title":{"rendered":"\u00dcber uns"},"content":{"rendered":"\t<div class=\"article to-left \">\r\n\t\t<div class=\"image\"><\/div>\r\n\t\t<div class=\"details\">\r\n\t\t\t<h2>Tradition und Leidenschaft<\/h2>\r\n\t\t\t<\/p>\n<p><img loading=\"lazy\" decoding=\"async\" class=\"alignright size-full wp-image-958\" src=\"https:\/\/staging.lafattoria-idstein.de\/wp-content\/uploads\/2020\/07\/familie_montana.png\" alt=\"\" width=\"299\" height=\"374\" \/><\/p>\n<p>Seit \u00fcber 45 Jahren betreibt die Familie Montana das Restaurant La Fattoria, im Herzen der Idsteiner Altstadt. Getreu dem Motto \u201eauthentic italian cuisine\u201c\u00a0 bekommen Sie original italienische Speisen, welche mit einem Auge f\u00fcr das besondere zubereitet werden. Eine professionelle Planung und Beratung Ihre n\u00e4chste Familienfeier, Hochzeit, Weihnachtsfeier oder Meeting, abgestimmt auf Ihre individuellen Bed\u00fcrfnisse, dies bekommen<br \/>\nSie im La Fattoria.<\/p>\n<p>Unsere R\u00e4umlichkeiten bieten Platz f\u00fcr bis zu 80 Personen, welche in drei Bereiche aufgeteilt sind. F\u00fcr ein sch\u00f6nes Glas Wein, ein feiner Rosmarin Gin Tonic oder zum Aperitivo, hierf\u00fcr\u00a0 stehen Ihnen unsere eleganten R\u00e4umlichkeiten ebenfalls zur Verf\u00fcgung. Von S\u00fcdtirol bis ins tiefste Sizilien erstreckt sich unsere Weinkarte und bietet f\u00fcr jeden Genie\u00dfer eine Vielfalt italienischer Rebsorten. Mit ausgew\u00e4hlten Produkten, werden saisonale und frischzubereitete Gerichte im monatlichen Wechsel auf unserer Empfehlungskarte angeboten. Im Sommer l\u00e4dt unsere gem\u00fctliche Terrasse im Herzen der Idsteiner Altstadt zu echten italienischen Abende ein.<\/p>\n<p>Wir freuen uns auf Ihren Besuch!<br \/>\nIhre Familie Montana und Team<br \/>\n<img loading=\"lazy\" decoding=\"async\" class=\"aligncenter size-full wp-image-973\" src=\"https:\/\/staging.lafattoria-idstein.de\/wp-content\/uploads\/2020\/07\/Unterschriften_zusammen.png\" alt=\"\" width=\"454\" height=\"57\" \/><\/p>\n<p>\t\t<\/div>\r\n\t<\/div>\r\n\t\n<div id='gallery-1' class='gallery galleryid-116 gallery-columns-3 gallery-size-thumbnail'><figure class='gallery-item'>\n\t\t\t<div class='gallery-icon landscape'>\n\t\t\t\t<a href='https:\/\/staging.lafattoria-idstein.de\/wp-content\/uploads\/2020\/05\/tageskarte_terrasse_02.png'><img loading=\"lazy\" decoding=\"async\" width=\"370\" height=\"247\" src=\"https:\/\/staging.lafattoria-idstein.de\/wp-content\/uploads\/2020\/05\/tageskarte_terrasse_02-370x247.png\" class=\"attachment-thumbnail size-thumbnail\" alt=\"\" \/><\/a>\n\t\t\t<\/div><\/figure><figure class='gallery-item'>\n\t\t\t<div class='gallery-icon portrait'>\n\t\t\t\t<a href='https:\/\/staging.lafattoria-idstein.de\/wp-content\/uploads\/2020\/07\/terrasse2.jpg'><img loading=\"lazy\" decoding=\"async\" width=\"370\" height=\"247\" src=\"https:\/\/staging.lafattoria-idstein.de\/wp-content\/uploads\/2020\/07\/terrasse2-370x247.jpg\" class=\"attachment-thumbnail size-thumbnail\" alt=\"\" \/><\/a>\n\t\t\t<\/div><\/figure><figure class='gallery-item'>\n\t\t\t<div class='gallery-icon landscape'>\n\t\t\t\t<a href='https:\/\/staging.lafattoria-idstein.de\/wp-content\/uploads\/2020\/07\/impressionen_02.jpg'><img loading=\"lazy\" decoding=\"async\" width=\"370\" height=\"247\" src=\"https:\/\/staging.lafattoria-idstein.de\/wp-content\/uploads\/2020\/07\/impressionen_02-370x247.jpg\" class=\"attachment-thumbnail size-thumbnail\" alt=\"\" \/><\/a>\n\t\t\t<\/div><\/figure><figure class='gallery-item'>\n\t\t\t<div class='gallery-icon landscape'>\n\t\t\t\t<a href='https:\/\/staging.lafattoria-idstein.de\/wp-content\/uploads\/2016\/08\/foto_03.jpg'><img loading=\"lazy\" decoding=\"async\" width=\"370\" height=\"247\" src=\"https:\/\/staging.lafattoria-idstein.de\/wp-content\/uploads\/2016\/08\/foto_03-370x247.jpg\" class=\"attachment-thumbnail size-thumbnail\" alt=\"\" \/><\/a>\n\t\t\t<\/div><\/figure><figure class='gallery-item'>\n\t\t\t<div class='gallery-icon landscape'>\n\t\t\t\t<a href='https:\/\/staging.lafattoria-idstein.de\/wp-content\/uploads\/2020\/07\/foto_04-1.jpg'><img loading=\"lazy\" decoding=\"async\" width=\"370\" height=\"247\" src=\"https:\/\/staging.lafattoria-idstein.de\/wp-content\/uploads\/2020\/07\/foto_04-1-370x247.jpg\" class=\"attachment-thumbnail size-thumbnail\" alt=\"\" srcset=\"https:\/\/staging.lafattoria-idstein.de\/wp-content\/uploads\/2020\/07\/foto_04-1-370x247.jpg 370w, https:\/\/staging.lafattoria-idstein.de\/wp-content\/uploads\/2020\/07\/foto_04-1-675x450.jpg 675w, https:\/\/staging.lafattoria-idstein.de\/wp-content\/uploads\/2020\/07\/foto_04-1-830x552.jpg 830w, https:\/\/staging.lafattoria-idstein.de\/wp-content\/uploads\/2020\/07\/foto_04-1-768x511.jpg 768w, https:\/\/staging.lafattoria-idstein.de\/wp-content\/uploads\/2020\/07\/foto_04-1-1536x1022.jpg 1536w, https:\/\/staging.lafattoria-idstein.de\/wp-content\/uploads\/2020\/07\/foto_04-1.jpg 1920w\" sizes=\"(max-width: 370px) 100vw, 370px\" \/><\/a>\n\t\t\t<\/div><\/figure><figure class='gallery-item'>\n\t\t\t<div class='gallery-icon portrait'>\n\t\t\t\t<a href='https:\/\/staging.lafattoria-idstein.de\/wp-content\/uploads\/2020\/07\/foto_01.jpg'><img loading=\"lazy\" decoding=\"async\" width=\"370\" height=\"247\" src=\"https:\/\/staging.lafattoria-idstein.de\/wp-content\/uploads\/2020\/07\/foto_01-370x247.jpg\" class=\"attachment-thumbnail size-thumbnail\" alt=\"\" \/><\/a>\n\t\t\t<\/div><\/figure><figure class='gallery-item'>\n\t\t\t<div class='gallery-icon landscape'>\n\t\t\t\t<a href='https:\/\/staging.lafattoria-idstein.de\/wp-content\/uploads\/2020\/07\/carpaccio.jpg'><img loading=\"lazy\" decoding=\"async\" width=\"370\" height=\"247\" src=\"https:\/\/staging.lafattoria-idstein.de\/wp-content\/uploads\/2020\/07\/carpaccio-370x247.jpg\" class=\"attachment-thumbnail size-thumbnail\" alt=\"slide 2\" \/><\/a>\n\t\t\t<\/div><\/figure><figure class='gallery-item'>\n\t\t\t<div class='gallery-icon landscape'>\n\t\t\t\t<a href='https:\/\/staging.lafattoria-idstein.de\/wp-content\/uploads\/2020\/07\/vorspeise_02-1.jpg'><img loading=\"lazy\" decoding=\"async\" width=\"370\" height=\"247\" src=\"https:\/\/staging.lafattoria-idstein.de\/wp-content\/uploads\/2020\/07\/vorspeise_02-1-370x247.jpg\" class=\"attachment-thumbnail size-thumbnail\" alt=\"\" \/><\/a>\n\t\t\t<\/div><\/figure><figure class='gallery-item'>\n\t\t\t<div class='gallery-icon landscape'>\n\t\t\t\t<a href='https:\/\/staging.lafattoria-idstein.de\/wp-content\/uploads\/2020\/07\/foto_05.jpg'><img loading=\"lazy\" decoding=\"async\" width=\"370\" height=\"247\" src=\"https:\/\/staging.lafattoria-idstein.de\/wp-content\/uploads\/2020\/07\/foto_05-370x247.jpg\" class=\"attachment-thumbnail size-thumbnail\" alt=\"\" srcset=\"https:\/\/staging.lafattoria-idstein.de\/wp-content\/uploads\/2020\/07\/foto_05-370x247.jpg 370w, https:\/\/staging.lafattoria-idstein.de\/wp-content\/uploads\/2020\/07\/foto_05-675x450.jpg 675w, https:\/\/staging.lafattoria-idstein.de\/wp-content\/uploads\/2020\/07\/foto_05-830x552.jpg 830w, https:\/\/staging.lafattoria-idstein.de\/wp-content\/uploads\/2020\/07\/foto_05-768x511.jpg 768w, https:\/\/staging.lafattoria-idstein.de\/wp-content\/uploads\/2020\/07\/foto_05.jpg 960w\" sizes=\"(max-width: 370px) 100vw, 370px\" \/><\/a>\n\t\t\t<\/div><\/figure>\n\t\t<\/div>\n\n","protected":false},"excerpt":{"rendered":"","protected":false},"author":1,"featured_media":1288,"parent":0,"menu_order":-7,"comment_status":"closed","ping_status":"closed","template":"","meta":{"footnotes":""},"class_list":["post-116","page","type-page","status-publish","has-post-thumbnail","hentry"],"_links":{"self":[{"href":"https:\/\/staging.lafattoria-idstein.de\/index.php?rest_route=\/wp\/v2\/pages\/116"}],"collection":[{"href":"https:\/\/staging.lafattoria-idstein.de\/index.php?rest_route=\/wp\/v2\/pages"}],"about":[{"href":"https:\/\/staging.lafattoria-idstein.de\/index.php?rest_route=\/wp\/v2\/types\/page"}],"author":[{"embeddable":true,"href":"https:\/\/staging.lafattoria-idstein.de\/index.php?rest_route=\/wp\/v2\/users\/1"}],"replies":[{"embeddable":true,"href":"https:\/\/staging.lafattoria-idstein.de\/index.php?rest_route=%2Fwp%2Fv2%2Fcomments&post=116"}],"version-history":[{"count":30,"href":"https:\/\/staging.lafattoria-idstein.de\/index.php?rest_route=\/wp\/v2\/pages\/116\/revisions"}],"predecessor-version":[{"id":1309,"href":"https:\/\/staging.lafattoria-idstein.de\/index.php?rest_route=\/wp\/v2\/pages\/116\/revisions\/1309"}],"wp:featuredmedia":[{"embeddable":true,"href":"https:\/\/staging.lafattoria-idstein.de\/index.php?rest_route=\/wp\/v2\/media\/1288"}],"wp:attachment":[{"href":"https:\/\/staging.lafattoria-idstein.de\/index.php?rest_route=%2Fwp%2Fv2%2Fmedia&parent=116"}],"curies":[{"name":"wp","href":"https:\/\/api.w.org\/{rel}","templated":true}]}}