{"id":1019,"date":"2020-07-04T19:13:50","date_gmt":"2020-07-04T19:13:50","guid":{"rendered":"https:\/\/lafattoria.mt-inbox.de\/?page_id=1019"},"modified":"2020-10-08T22:10:17","modified_gmt":"2020-10-08T20:10:17","slug":"catering","status":"publish","type":"page","link":"https:\/\/staging.lafattoria-idstein.de\/?page_id=1019","title":{"rendered":"Catering"},"content":{"rendered":"<p>&nbsp;<\/p>\n<div id='gallery-1' class='gallery galleryid-1019 gallery-columns-3 gallery-size-thumbnail'><figure class='gallery-item'>\n\t\t\t<div class='gallery-icon portrait'>\n\t\t\t\t<a href='https:\/\/staging.lafattoria-idstein.de\/?attachment_id=1276'><img loading=\"lazy\" decoding=\"async\" width=\"370\" height=\"247\" src=\"https:\/\/staging.lafattoria-idstein.de\/wp-content\/uploads\/2020\/10\/96080817_3566139996746384_945788237081739264_n-370x247.jpg\" class=\"attachment-thumbnail size-thumbnail\" alt=\"\" \/><\/a>\n\t\t\t<\/div><\/figure><figure class='gallery-item'>\n\t\t\t<div class='gallery-icon landscape'>\n\t\t\t\t<a href='https:\/\/staging.lafattoria-idstein.de\/?attachment_id=1007'><img loading=\"lazy\" decoding=\"async\" width=\"370\" height=\"247\" src=\"https:\/\/staging.lafattoria-idstein.de\/wp-content\/uploads\/2020\/07\/catering_01-370x247.png\" class=\"attachment-thumbnail size-thumbnail\" alt=\"\" \/><\/a>\n\t\t\t<\/div><\/figure><figure class='gallery-item'>\n\t\t\t<div class='gallery-icon landscape'>\n\t\t\t\t<a href='https:\/\/staging.lafattoria-idstein.de\/?attachment_id=922'><img loading=\"lazy\" decoding=\"async\" width=\"370\" height=\"247\" src=\"https:\/\/staging.lafattoria-idstein.de\/wp-content\/uploads\/2020\/05\/96086189_3566131316747252_1465876353919221760_n-370x247.jpg\" class=\"attachment-thumbnail size-thumbnail\" alt=\"\" \/><\/a>\n\t\t\t<\/div><\/figure><figure class='gallery-item'>\n\t\t\t<div class='gallery-icon portrait'>\n\t\t\t\t<a href='https:\/\/staging.lafattoria-idstein.de\/?attachment_id=1204'><img loading=\"lazy\" decoding=\"async\" width=\"370\" height=\"247\" src=\"https:\/\/staging.lafattoria-idstein.de\/wp-content\/uploads\/2020\/07\/catring-1-370x247.jpg\" class=\"attachment-thumbnail size-thumbnail\" alt=\"\" \/><\/a>\n\t\t\t<\/div><\/figure><figure class='gallery-item'>\n\t\t\t<div class='gallery-icon portrait'>\n\t\t\t\t<a href='https:\/\/staging.lafattoria-idstein.de\/?attachment_id=1317'><img loading=\"lazy\" decoding=\"async\" width=\"370\" height=\"247\" src=\"https:\/\/staging.lafattoria-idstein.de\/wp-content\/uploads\/2020\/10\/18058152_1720027248024344_605149913337032314_n-370x247.jpg\" class=\"attachment-thumbnail size-thumbnail\" alt=\"\" \/><\/a>\n\t\t\t<\/div><\/figure><figure class='gallery-item'>\n\t\t\t<div class='gallery-icon portrait'>\n\t\t\t\t<a href='https:\/\/staging.lafattoria-idstein.de\/?attachment_id=1316'><img loading=\"lazy\" decoding=\"async\" width=\"370\" height=\"247\" src=\"https:\/\/staging.lafattoria-idstein.de\/wp-content\/uploads\/2020\/10\/18055738_1719834798043589_7700308832027776651_o-370x247.jpg\" class=\"attachment-thumbnail size-thumbnail\" alt=\"\" \/><\/a>\n\t\t\t<\/div><\/figure><figure class='gallery-item'>\n\t\t\t<div class='gallery-icon portrait'>\n\t\t\t\t<a href='https:\/\/staging.lafattoria-idstein.de\/?attachment_id=1315'><img loading=\"lazy\" decoding=\"async\" width=\"370\" height=\"247\" src=\"https:\/\/staging.lafattoria-idstein.de\/wp-content\/uploads\/2020\/10\/18033508_1720027478024321_1786037817007993980_n-370x247.jpg\" class=\"attachment-thumbnail size-thumbnail\" alt=\"\" \/><\/a>\n\t\t\t<\/div><\/figure><figure class='gallery-item'>\n\t\t\t<div class='gallery-icon portrait'>\n\t\t\t\t<a href='https:\/\/staging.lafattoria-idstein.de\/?attachment_id=1314'><img loading=\"lazy\" decoding=\"async\" width=\"370\" height=\"247\" src=\"https:\/\/staging.lafattoria-idstein.de\/wp-content\/uploads\/2020\/10\/17991917_1720027228024346_5056537608026783354_n-370x247.jpg\" class=\"attachment-thumbnail size-thumbnail\" alt=\"\" \/><\/a>\n\t\t\t<\/div><\/figure>\n\t\t<\/div>\n\n\t<div class=\"article to-left \">\r\n\t\t<div class=\"image\"><\/div>\r\n\t\t<div class=\"details\">\r\n\t\t\t<h2>Ihr Event soll etwas ganz Besonderes werden?<\/h2>\r\n\t\t\t<\/p>\n<p>Genie\u00dfen Sie mit uns feinste italienische K\u00fcche und lehnen Sie sich auf ihrem festlichen Anlass zur\u00fcck. Mit viel Liebe zum Detail verw\u00f6hnen wir Ihre G\u00e4ste, damit Ihre Veranstaltung zu einem unvergesslichen Erlebnis wird.\t\t<\/div>\r\n\t<\/div>\r\n\t\n\t<section class=\"contact-details section-block\">\r\n\t\t<div class=\"section-title v1\">\r\n\t\t\t<p class=\"subtitle\">Wir freuen uns \u00fcber ihre Anfrage<\/p>\r\n\t\t<h3> Kontaktieren Sie uns<\/h3>\t\t\r\n<\/div>\t\t<div class=\"boxes cols-4\">\r\n\t\t\t<div class=\"box phones\">\r\n\t\t\t\t<h3 class=\"font-title\">\r\n\t\t\t\t\tTelefonnr\t\t\t\t<\/h3>\r\n\t\t\t\t\t\t\t\t\t<ul>\r\n\t\t\t\t\t\t\t\t\t\t\t\t\t<li><a href=\"tel: +49 6126 4534\">+49 6126 4534<\/a><\/li>\r\n\t\t\t\t\t\t\t\t\t\t\t\t\t<li><a href=\"tel: \"><\/a><\/li>\r\n\t\t\t\t\t\t\t\t\t\t\t\t\t<li><a href=\"tel: \"><\/a><\/li>\r\n\t\t\t\t\t\t\t\t\t\t\t\t\t<li><a href=\"tel: \"><\/a><\/li>\r\n\t\t\t\t\t\t\t\t\t\t\t<\/ul>\r\n\t\t\t\t\t\r\n\t\t\t\t<span class=\"icon-wrap\">\r\n\t\t\t\t\t<i class=\"icon-phone\"><\/i>\r\n\t\t\t\t<\/span>\r\n\t\t\t<\/div>\r\n\t\t\t<div class=\"box address\">\r\n\t\t\t\t<h3 class=\"font-title\">\r\n\t\t\t\t\tAdresse\t\t\t\t<\/h3>\t\t\t\t\r\n\t\t\t\t<ul>\r\n\t\t\t\t\t<li>\r\n\t\t\t\t\t\t<a href=\"http:\/\/maps.google.com\/?q=Himmelsgasse 8\" target=\"_blank\">Himmelsgasse 8<\/a>\r\n\t\t\t\t\t\t<br>\r\n\t\t\t\t\t\t65510 Idstein\t\t\t\t\t<\/li>\r\n\t\t\t\t<\/ul>\t\t\t\t\r\n\t\t\t\t<span class=\"icon-wrap\">\r\n\t\t\t\t\t<i class=\"icon-location\"><\/i>\r\n\t\t\t\t<\/span>\r\n\t\t\t<\/div>\r\n\t\t\t<div class=\"box hours\">\r\n\t\t\t\t<h3 class=\"font-title\">\r\n\t\t\t\t\t\u00d6ffnungszeiten\t\t\t\t<\/h3>\r\n\t\t\t\t\t\t\t\t\t<ul>\r\n\t\t\t\t\t\t\t\t\t\t\t\t\t\t\t\t\t\t\t\t\t<li class=\"hours\">Dienstag - Sonntag:<\/li>\r\n\t\t\t\t\t\t\t\t\t\t\t\t\t\t\t\t\t\t\t\t\t\t\t\t\t\t\t\t\t\t\t\t\t\t\t\t\t\t\t\t\t\t<li class=\"hours\">12:00 - 15:00 Uhr<\/li>\r\n\t\t\t\t\t\t\t\t\t\t\t\t\t\t\t\t\t\t\t\t\t\t\t\t\t\t\t\t\t\t\t\t\t\t\t\t\t\t\t\t\t\t<li class=\"hours\">18:00 - 23:00 Uhr<\/li>\r\n\t\t\t\t\t\t\t\t\t\t\t\t\t\t\t\t\t\t\t\t\t\t\t\t\t\t\t\t\t\t\t\t\t\t\t\t\t\t\t\t\t\t<li class=\"hours\"><\/li>\r\n\t\t\t\t\t\t\t\t\t\t\t\t\t\t\t\t\t\t\t\t\t\t\t\t\t\t\t\t\t\t\t\t\t\t\t\t\t\t\t\t\t\t<li class=\"hours\"><\/li>\r\n\t\t\t\t\t\t\t\t\t\t\t\t\t\t\t\t\t\t\t\t\t\t\t\t\t\t\t\t\t\t\t\t\t\t\t\t\t\t\t\t\t\t<li class=\"hours\"><\/li>\r\n\t\t\t\t\t\t\t\t\t\t\t\t\t\t\t\t\t\t\t\t\t\t\t\t\t\t\t\t\t\t\t\t<\/ul>\r\n\t\t\t\t\t\t\t\t\r\n\t\t\t\t<span class=\"icon-wrap\">\r\n\t\t\t\t\t<i class=\"icon-clock\"><\/i>\r\n\t\t\t\t<\/span>\r\n\t\t\t<\/div>\r\n\t\t\t\t\t\t\t<div class=\"box email\">\r\n\t\t\t\t\t<h3 class=\"font-title\">\r\n\t\t\t\t\t\tE-Mail\t\t\t\t\t<\/h3>\r\n\t\t\t\t\t<p>\r\n\t\t\t\t\t\t<a href=\"mailto:info@lafattoria-idstein.de\">info@lafattoria-idstein.de<\/a>\r\n\t\t\t\t\t<\/p>\t\t\t\r\n\t\t\t\t\t<span class=\"icon-wrap\">\r\n\t\t\t\t\t\t<i class=\"icon-mail-alt\"><\/i>\r\n\t\t\t\t\t<\/span>\r\n\t\t\t\t<\/div>\r\n\t\t\t\t\t<\/div>\r\n\t<\/section>\r\n\t\n\t<section id=\"contact-form\" class=\"section-block \">\r\n\t\t\t\t<div class=\"wrap\">\r\n\t\t\t<div class=\"section-title v1\">\r\n\t\t<h3> Anfrage<\/h3>\t\t\r\n<\/div>\t\t\t<form id=\"ajax-contact\" method=\"post\" action=\"https:\/\/staging.lafattoria-idstein.de\/wp-admin\/admin-ajax.php\">\r\n\t\t\t\t<div id=\"form-messages\" class=\"submit-form-message\"><\/div>\r\n\t\t\t\t<div class=\"form-items cols-3\">\r\n\t\t\t\t\t<div class=\"form-item\">\r\n\t\t\t\t\t\t<label for=\"input-name\">Name *<\/label>\r\n\t\t\t\t\t\t<input type=\"text\" id=\"input-name\" name=\"name\" class=\"required\">\r\n\t\t\t\t\t<\/div>\r\n\t\t\t\t\t<div class=\"form-item\">\r\n\t\t\t\t\t\t<label for=\"input-email\">E-Mail *<\/label>\r\n\t\t\t\t\t\t<input type=\"email\" id=\"input-email\" name=\"email\" class=\"required\">\r\n\t\t\t\t\t<\/div>\r\n\t\t\t\t\t<div class=\"form-item\">\r\n\t\t\t\t\t\t<label for=\"input-phone\">Telefonnr *<\/label>\r\n\t\t\t\t\t\t<input type=\"tel\" id=\"input-phone\" name=\"phone\" class=\"required\">\r\n\t\t\t\t\t<\/div>\t\r\n\t\t\t\t\t<div class=\"form-item full-width\">\r\n\t\t\t\t\t\t<label for=\"textarea-message\">Kommentar *<\/label>\r\n\t\t\t\t\t\t<textarea id=\"textarea-message\" name=\"message\" class=\"required\"><\/textarea>\r\n\t\t\t\t\t<\/div>\r\n\t\t\t\t<\/div>\r\n\t\t\t\t<div class=\"align-center-margin\">\r\n\t\t\t\t\t\t\t\t\t\t\t<div class=\"g-recaptcha\" data-size=\"invisible\" data-sitekey=\"6LeFmL4pAAAAANwl2apGryAvCTS7OGrrLrkTVoCO\"><\/div>\r\n\t\t\t\t\t\t\t\t\t\t<button type=\"submit\" class=\"btn-form btn btn-default btn-lg\">Send message<\/button>\r\n\t\t\t\t<\/div>\r\n\t\t\t<\/form>\r\n\t\t<\/div>\r\n\t\t\t\t\t\r\n\t<\/section>\r\n\t<script>\r\n\t\tjQuery(document).ready(function($) {\r\n\t\t\r\n\t\t\tfunction validate(){\r\n\t\t\t\tvar form = jQuery('#ajax-contact');\t\t\t\t\r\n\t\t\t\tform.find('[name]').each(function(index, value){\r\n\t\t\t\t\tvar that = $(this),\r\n\t\t\t\t\t\t value = that.val(),\r\n\t\t\t\t\t\tname = that.attr('name');\t\t\r\n\t\t\t\t\t\r\n\t\t\t\t\tif(that.hasClass('required')) {\r\n\t\t\t\t\t\tif(value == '' || value.length < 3 && value.length > 50) {\r\n\t\t\t\t\t\t\tthat.addClass('error');\r\n\t\t\t\t\t\t} else {\r\n\t\t\t\t\t\t\tthat.removeClass('error');\r\n\t\t\t\t\t\t}\r\n\t\t\t\t\t\tif(name == 'phone') {\r\n\t\t\t\t\t\t\tif(!value.match(\/[1-4-+]\/g)) {\r\n\t\t\t\t\t\t\t\tthat.addClass('error');\r\n\t\t\t\t\t\t\t}\r\n\t\t\t\t\t\t}\r\n\t\t\t\t\t\tif(name == 'email') {\r\n\t\t\t\t\t\t\tif(!value.match(\/^([\\w-]+(?:\\.[\\w-]+)*)@((?:[\\w-]+\\.)*\\w[\\w-]{0,66})\\.([a-z]{2,6}(?:\\.[a-z]{2})?)$\/i)) {\r\n\t\t\t\t\t\t\t\tthat.addClass('error');\r\n\t\t\t\t\t\t\t}\r\n\t\t\t\t\t\t}\r\n\t\t\t\t\t}\r\n\t\t\t\t});\r\n\t\t\t\t\r\n\t\t\t\t\tif(form.find('.required').hasClass('error')) {\r\n\t\t\t\t\t\t\t\t\t\t\t\t\tgrecaptcha.reset();\r\n\t\t\t\t\t\t\t\t\t\t\t\treturn false;\r\n\t\t\t\t\t}\r\n\t\t\t\t\t\t\t\t\t\t\tgrecaptcha.execute();\r\n\t\t\t\t\t\t\t\t\t\r\n\t\t\t\t\r\n\t\t\t\treturn true;\r\n\t\t\t}\r\n\t\t\r\n\t\tjQuery('#ajax-contact').on('submit', function(e) {\r\n\t\t\r\n\t\t\te.preventDefault();\r\n\t\t\tvar formMessages = $('#form-messages');\r\n\t\t\tvar form = jQuery(this);\t\t\t\t\r\n\t\t\r\n\t\t\tif(validate()) {\r\n\t\t\t\tvar data = {\r\n\t\t\t\t\taction: 'contact_submit',\r\n\t\t\t\t\tform_data: form.serialize(),\r\n\t\t\t\t}; \t\t\r\n\t\t\t\r\n\t\t\t\tjQuery.post( form.attr('action'), data, function(response) {\r\n\t\t\t\r\n\t\t\t\t\tvar response  = (jQuery.parseJSON(response));\r\n\t\t\t\t\t\/\/ Make sure that the formMessages div has the 'success' class.\r\n\t\t\t\t\t$(formMessages).removeClass('error');\r\n\t\t\t\t\t$(formMessages).addClass(response.class);\r\n\t\t\t\t\r\n\t\t\t\t\t\/\/ Set the message text.\r\n\t\t\t\t\t$(formMessages).text(response.message);\r\n\t\t\t\t\t\r\n\t\t\t\t\tif(response.class == 'success') {\r\n\t\t\t\t\t\tform[0].reset();   \r\n\t\t\t\t\t}\r\n\t\t\t\r\n\t\t\t\t\r\n\t\t\t\t\t\/\/$('#reservation-submit').prop(\"disabled\", true);\r\n\t\t\t\t});\r\n\t\t\t}\r\n\t\t\t\t\t\t\t\t\t\t\t\t\t\t\t\t\t\t\t  \r\n\t\t});\t\r\n\t\t\/\/ this block can be defined anywhere\r\n\t\t});\t\r\n\t<\/script>\r\n\t\n","protected":false},"excerpt":{"rendered":"<p>&nbsp;<\/p>\n","protected":false},"author":1,"featured_media":1008,"parent":0,"menu_order":0,"comment_status":"closed","ping_status":"closed","template":"","meta":{"footnotes":""},"class_list":["post-1019","page","type-page","status-publish","has-post-thumbnail","hentry"],"_links":{"self":[{"href":"https:\/\/staging.lafattoria-idstein.de\/index.php?rest_route=\/wp\/v2\/pages\/1019"}],"collection":[{"href":"https:\/\/staging.lafattoria-idstein.de\/index.php?rest_route=\/wp\/v2\/pages"}],"about":[{"href":"https:\/\/staging.lafattoria-idstein.de\/index.php?rest_route=\/wp\/v2\/types\/page"}],"author":[{"embeddable":true,"href":"https:\/\/staging.lafattoria-idstein.de\/index.php?rest_route=\/wp\/v2\/users\/1"}],"replies":[{"embeddable":true,"href":"https:\/\/staging.lafattoria-idstein.de\/index.php?rest_route=%2Fwp%2Fv2%2Fcomments&post=1019"}],"version-history":[{"count":13,"href":"https:\/\/staging.lafattoria-idstein.de\/index.php?rest_route=\/wp\/v2\/pages\/1019\/revisions"}],"predecessor-version":[{"id":1322,"href":"https:\/\/staging.lafattoria-idstein.de\/index.php?rest_route=\/wp\/v2\/pages\/1019\/revisions\/1322"}],"wp:featuredmedia":[{"embeddable":true,"href":"https:\/\/staging.lafattoria-idstein.de\/index.php?rest_route=\/wp\/v2\/media\/1008"}],"wp:attachment":[{"href":"https:\/\/staging.lafattoria-idstein.de\/index.php?rest_route=%2Fwp%2Fv2%2Fmedia&parent=1019"}],"curies":[{"name":"wp","href":"https:\/\/api.w.org\/{rel}","templated":true}]}}